{"id":66,"date":"2024-09-18T10:09:00","date_gmt":"2024-09-18T10:09:00","guid":{"rendered":"https:\/\/bmmdecor.ro\/?page_id=66"},"modified":"2024-10-28T18:12:57","modified_gmt":"2024-10-28T18:12:57","slug":"despre-noi","status":"publish","type":"page","link":"https:\/\/bmmdecor.ro\/?page_id=66","title":{"rendered":"Despre Noi"},"content":{"rendered":"\t\t<div data-elementor-type=\"wp-page\" data-elementor-id=\"66\" class=\"elementor elementor-66\" data-elementor-post-type=\"page\">\n\t\t\t\t<div class=\"elementor-element elementor-element-ddcd75f e-flex e-con-boxed e-con e-parent\" data-id=\"ddcd75f\" data-element_type=\"container\" data-settings=\"{&quot;content_width&quot;:&quot;boxed&quot;}\" data-core-v316-plus=\"true\">\n\t\t\t\t\t<div class=\"e-con-inner\">\n\t\t\t\t<div class=\"elementor-element elementor-element-9c81682 elementor-widget elementor-widget-spacer\" data-id=\"9c81682\" data-element_type=\"widget\" data-widget_type=\"spacer.default\">\n\t\t\t\t<div class=\"elementor-widget-container\">\n\t\t\t<style>\/*! elementor - v3.19.0 - 28-02-2024 *\/\n.elementor-column .elementor-spacer-inner{height:var(--spacer-size)}.e-con{--container-widget-width:100%}.e-con-inner>.elementor-widget-spacer,.e-con>.elementor-widget-spacer{width:var(--container-widget-width,var(--spacer-size));--align-self:var(--container-widget-align-self,initial);--flex-shrink:0}.e-con-inner>.elementor-widget-spacer>.elementor-widget-container,.e-con>.elementor-widget-spacer>.elementor-widget-container{height:100%;width:100%}.e-con-inner>.elementor-widget-spacer>.elementor-widget-container>.elementor-spacer,.e-con>.elementor-widget-spacer>.elementor-widget-container>.elementor-spacer{height:100%}.e-con-inner>.elementor-widget-spacer>.elementor-widget-container>.elementor-spacer>.elementor-spacer-inner,.e-con>.elementor-widget-spacer>.elementor-widget-container>.elementor-spacer>.elementor-spacer-inner{height:var(--container-widget-height,var(--spacer-size))}.e-con-inner>.elementor-widget-spacer.elementor-widget-empty,.e-con>.elementor-widget-spacer.elementor-widget-empty{position:relative;min-height:22px;min-width:22px}.e-con-inner>.elementor-widget-spacer.elementor-widget-empty .elementor-widget-empty-icon,.e-con>.elementor-widget-spacer.elementor-widget-empty .elementor-widget-empty-icon{position:absolute;top:0;bottom:0;left:0;right:0;margin:auto;padding:0;width:22px;height:22px}<\/style>\t\t<div class=\"elementor-spacer\">\n\t\t\t<div class=\"elementor-spacer-inner\"><\/div>\n\t\t<\/div>\n\t\t\t\t<\/div>\n\t\t\t\t<\/div>\n\t\t\t\t\t<\/div>\n\t\t\t\t<\/div>\n\t\t<div class=\"elementor-element elementor-element-3cb1036 e-flex e-con-boxed e-con e-parent\" data-id=\"3cb1036\" data-element_type=\"container\" data-settings=\"{&quot;content_width&quot;:&quot;boxed&quot;}\" data-core-v316-plus=\"true\">\n\t\t\t\t\t<div class=\"e-con-inner\">\n\t\t\t\t<div class=\"elementor-element elementor-element-5d5e035 elementor--h-position-center elementor--v-position-middle elementor-widget elementor-widget-slides\" data-id=\"5d5e035\" data-element_type=\"widget\" data-settings=\"{&quot;navigation&quot;:&quot;none&quot;,&quot;autoplay&quot;:&quot;yes&quot;,&quot;pause_on_hover&quot;:&quot;yes&quot;,&quot;pause_on_interaction&quot;:&quot;yes&quot;,&quot;autoplay_speed&quot;:5000,&quot;infinite&quot;:&quot;yes&quot;,&quot;transition&quot;:&quot;slide&quot;,&quot;transition_speed&quot;:500}\" data-widget_type=\"slides.default\">\n\t\t\t\t<div class=\"elementor-widget-container\">\n\t\t\t<style>\/*! elementor-pro - v3.21.0 - 24-04-2024 *\/\n.elementor-slides .swiper-slide-bg{background-size:cover;background-position:50%;background-repeat:no-repeat;min-width:100%;min-height:100%}.elementor-slides .swiper-slide-inner{background-repeat:no-repeat;background-position:50%;position:absolute;top:0;left:0;bottom:0;right:0;padding:50px;margin:auto}.elementor-slides .swiper-slide-inner,.elementor-slides .swiper-slide-inner:hover{color:#fff;display:flex}.elementor-slides .swiper-slide-inner .elementor-background-overlay{position:absolute;z-index:0;top:0;bottom:0;left:0;right:0}.elementor-slides .swiper-slide-inner .elementor-slide-content{position:relative;z-index:1;width:100%}.elementor-slides .swiper-slide-inner .elementor-slide-heading{font-size:35px;font-weight:700;line-height:1}.elementor-slides .swiper-slide-inner .elementor-slide-description{font-size:17px;line-height:1.4}.elementor-slides .swiper-slide-inner .elementor-slide-description:not(:last-child),.elementor-slides .swiper-slide-inner .elementor-slide-heading:not(:last-child){margin-bottom:30px}.elementor-slides .swiper-slide-inner .elementor-slide-button{border:2px solid #fff;color:#fff;background:transparent;display:inline-block}.elementor-slides .swiper-slide-inner .elementor-slide-button,.elementor-slides .swiper-slide-inner .elementor-slide-button:hover{background:transparent;color:inherit;text-decoration:none}.elementor--v-position-top .swiper-slide-inner{align-items:flex-start}.elementor--v-position-bottom .swiper-slide-inner{align-items:flex-end}.elementor--v-position-middle .swiper-slide-inner{align-items:center}.elementor--h-position-left .swiper-slide-inner{justify-content:flex-start}.elementor--h-position-right .swiper-slide-inner{justify-content:flex-end}.elementor--h-position-center .swiper-slide-inner{justify-content:center}body.rtl .elementor-widget-slides .elementor-swiper-button-next{left:10px;right:auto}body.rtl .elementor-widget-slides .elementor-swiper-button-prev{right:10px;left:auto}.elementor-slides-wrapper div:not(.swiper-slide)>.swiper-slide-inner{display:none}@media (max-width:767px){.elementor-slides .swiper-slide-inner{padding:30px}.elementor-slides .swiper-slide-inner .elementor-slide-heading{font-size:23px;line-height:1;margin-bottom:15px}.elementor-slides .swiper-slide-inner .elementor-slide-description{font-size:13px;line-height:1.4;margin-bottom:15px}}<\/style>\t\t<div class=\"elementor-swiper\">\n\t\t\t<div class=\"elementor-slides-wrapper elementor-main-swiper swiper\" dir=\"ltr\" data-animation=\"fadeInUp\">\n\t\t\t\t<div class=\"swiper-wrapper elementor-slides\">\n\t\t\t\t\t\t\t\t\t\t<div class=\"elementor-repeater-item-7b05320 swiper-slide\"><div class=\"swiper-slide-bg\" role=\"img\"><\/div><div class=\"swiper-slide-inner\" ><div class=\"swiper-slide-contents\"><div class=\"elementor-slide-heading\">Povestea BMM Decor: Despre experien\u021b\u0103 \u0219i dedica\u021bie \u00een atelierul nostru de produc\u021bie mobil\u0103 la comand\u0103. <\/div><\/div><\/div><\/div>\t\t\t\t<\/div>\n\t\t\t\t\t\t\t<\/div>\n\t\t<\/div>\n\t\t\t\t<\/div>\n\t\t\t\t<\/div>\n\t\t\t\t\t<\/div>\n\t\t\t\t<\/div>\n\t\t<div class=\"elementor-element elementor-element-f12d21e e-flex e-con-boxed e-con e-parent\" data-id=\"f12d21e\" data-element_type=\"container\" data-settings=\"{&quot;content_width&quot;:&quot;boxed&quot;}\" data-core-v316-plus=\"true\">\n\t\t\t\t\t<div class=\"e-con-inner\">\n\t\t<div class=\"elementor-element elementor-element-bea99f0 e-con-full e-flex e-con e-child\" data-id=\"bea99f0\" data-element_type=\"container\" data-settings=\"{&quot;content_width&quot;:&quot;full&quot;}\">\n\t\t\t\t<div class=\"elementor-element elementor-element-c287e3e elementor-widget elementor-widget-image\" data-id=\"c287e3e\" data-element_type=\"widget\" data-widget_type=\"image.default\">\n\t\t\t\t<div class=\"elementor-widget-container\">\n\t\t\t<style>\/*! elementor - v3.19.0 - 28-02-2024 *\/\n.elementor-widget-image{text-align:center}.elementor-widget-image a{display:inline-block}.elementor-widget-image a img[src$=\".svg\"]{width:48px}.elementor-widget-image img{vertical-align:middle;display:inline-block}<\/style>\t\t\t\t\t\t\t\t\t\t<img fetchpriority=\"high\" decoding=\"async\" width=\"750\" height=\"1000\" src=\"https:\/\/bmmdecor.ro\/wp-content\/uploads\/2024\/09\/WhatsApp-Image-2024-09-18-at-11.09.37-8-768x1024.jpeg\" class=\"attachment-large size-large wp-image-113\" alt=\"\" srcset=\"https:\/\/bmmdecor.ro\/wp-content\/uploads\/2024\/09\/WhatsApp-Image-2024-09-18-at-11.09.37-8-768x1024.jpeg 768w, https:\/\/bmmdecor.ro\/wp-content\/uploads\/2024\/09\/WhatsApp-Image-2024-09-18-at-11.09.37-8-225x300.jpeg 225w, https:\/\/bmmdecor.ro\/wp-content\/uploads\/2024\/09\/WhatsApp-Image-2024-09-18-at-11.09.37-8-1152x1536.jpeg 1152w, https:\/\/bmmdecor.ro\/wp-content\/uploads\/2024\/09\/WhatsApp-Image-2024-09-18-at-11.09.37-8.jpeg 1200w\" sizes=\"(max-width: 750px) 100vw, 750px\" \/>\t\t\t\t\t\t\t\t\t\t\t\t\t<\/div>\n\t\t\t\t<\/div>\n\t\t\t\t<\/div>\n\t\t<div class=\"elementor-element elementor-element-81362d9 e-con-full e-flex e-con e-child\" data-id=\"81362d9\" data-element_type=\"container\" data-settings=\"{&quot;content_width&quot;:&quot;full&quot;}\">\n\t\t\t\t<div class=\"elementor-element elementor-element-ce743af elementor-widget elementor-widget-text-editor\" data-id=\"ce743af\" data-element_type=\"widget\" data-widget_type=\"text-editor.default\">\n\t\t\t\t<div class=\"elementor-widget-container\">\n\t\t\t<style>\/*! elementor - v3.19.0 - 28-02-2024 *\/\n.elementor-widget-text-editor.elementor-drop-cap-view-stacked .elementor-drop-cap{background-color:#69727d;color:#fff}.elementor-widget-text-editor.elementor-drop-cap-view-framed .elementor-drop-cap{color:#69727d;border:3px solid;background-color:transparent}.elementor-widget-text-editor:not(.elementor-drop-cap-view-default) .elementor-drop-cap{margin-top:8px}.elementor-widget-text-editor:not(.elementor-drop-cap-view-default) .elementor-drop-cap-letter{width:1em;height:1em}.elementor-widget-text-editor .elementor-drop-cap{float:left;text-align:center;line-height:1;font-size:50px}.elementor-widget-text-editor .elementor-drop-cap-letter{display:inline-block}<\/style>\t\t\t\t<p><span style=\"color: #000000;\">Eu sunt Dumitru, \u0219i am fondat BMM Decor cu un singur g\u00e2nd: s\u0103 ajut oamenii s\u0103-\u0219i transforme casele \u00een adev\u0103rate c\u0103mine, prin solu\u021bii din lemn care aduc aproape de oameni echilibrul \u00eentre estetic\u0103, func\u021bionalitate \u0219i durabilitate. De mai bine de 20 de ani, lucrez \u00een diverse tipuri de lemn cu aceea\u0219i dedicare, indiferent dac\u0103 o fac la un proiect de lux sau la o repara\u021bie simpl\u0103. Pe l\u00e2ng\u0103 experien\u021ba din Rom\u00e2nia, ultimii 15 ani i-am petrecut \u00een Spania, unde am avut \u0219ansa s\u0103 lucrez la proiecte de mare anvergur\u0103, pentru clien\u021bi care aveau cerin\u021be foarte precise \u0219i bugete generoase. Am construit interioare \u0219i exterioare complexe, am coordonat echipe \u0219i am \u00eenv\u0103\u021bat cum s\u0103 aduc la via\u021b\u0103 viziuni m\u0103re\u021be, f\u0103r\u0103 s\u0103 pierd din vedere detaliile esen\u021biale. Cum ar fi nevoile reale ale oamenilor.<\/span><\/p><p><span style=\"color: #000000;\">C\u00e2nd m-am \u00eentors \u00een Rom\u00e2nia, am \u0219tiut c\u0103 \u021bara noastr\u0103 are nevoie de oameni dedica\u021bi, care nu doar a\u0219teapt\u0103 schimbarea, ci o creeaz\u0103 cu propriile m\u00e2ini. De aceea, am adus cu mine nu doar experien\u021ba mea, ci \u0219i dorin\u021ba de a ajuta pe toat\u0103 lumea. \u00cemi place s\u0103 discut cu fiecare client \u0219i s\u0103 g\u0103sesc solu\u021bii personalizate, fie c\u0103 e vorba de o vil\u0103 de 500 de metri p\u0103tra\u021bi sau despre un apartament modest. Din valorile \u0219i experien\u021ba mea a luat na\u0219tere BMM Decor &#8211; un acronim de la numele membrilor familiei mele &#8211; ceea ce reprezint\u0103 o promisiune \u00een plus, c\u00e2nd vine vorba de calitatea \u0219i devotamentul cu care lucrez.<\/span><\/p>\t\t\t\t\t\t<\/div>\n\t\t\t\t<\/div>\n\t\t\t\t<\/div>\n\t\t\t\t\t<\/div>\n\t\t\t\t<\/div>\n\t\t<div class=\"elementor-element elementor-element-70d1186 e-flex e-con-boxed e-con e-parent\" data-id=\"70d1186\" data-element_type=\"container\" data-settings=\"{&quot;content_width&quot;:&quot;boxed&quot;}\" data-core-v316-plus=\"true\">\n\t\t\t\t\t<div class=\"e-con-inner\">\n\t\t<div class=\"elementor-element elementor-element-48bea05 e-con-full e-flex e-con e-child\" data-id=\"48bea05\" data-element_type=\"container\" data-settings=\"{&quot;content_width&quot;:&quot;full&quot;}\">\n\t\t\t\t<div class=\"elementor-element elementor-element-9885d4a elementor-widget elementor-widget-text-editor\" data-id=\"9885d4a\" data-element_type=\"widget\" data-widget_type=\"text-editor.default\">\n\t\t\t\t<div class=\"elementor-widget-container\">\n\t\t\t\t\t\t\t<p style=\"text-align: center;\"><b>Nu \u0219tii ce s\u0103 alegi? Alege-ne!<\/b><\/p><p><span style=\"font-weight: 400;\">Am \u00eent\u00e2lnit mul\u021bi oameni care nu \u0219tiau de unde s\u0103 \u00eenceap\u0103. Mul\u021bi credeau c\u0103 mobila la comand\u0103 e prea scump\u0103, c\u0103 va fi complicat sau c\u0103 vor fi chiar tra\u0219i pe sfoar\u0103 de me\u0219teri. Poate \u0219i tu ai g\u00e2ndit a\u0219a. \u00cens\u0103 eu sunt aici s\u0103 simplific procesul \u0219i s\u0103 te ghidez pas cu pas. Nimic nu este imposibil. \u00centotdeauna putem g\u0103si solu\u021bii accesibile \u0219i personalizate. De la concept, la design \u0219i p\u00e2n\u0103 la montaj, m\u0103 asigur c\u0103 fiecare element nu doar arat\u0103 bine, ci \u0219i \u00eempline\u0219te func\u021bionalitatea dorit\u0103.<\/span><\/p><p><span style=\"font-weight: 400;\">\u00cemi place s\u0103 lucrez \u00een lemn pentru c\u0103 nimic nu aduce mai mult\u0103 c\u0103ldur\u0103 \u00eentr-o cas\u0103. Fiecare bucat\u0103 de lemn are via\u021b\u0103 \u00een ea \u0219i, prin m\u00e2inile mele, \u00ee\u0219i g\u0103se\u0219te locul perfect \u00eentr-o cas\u0103 care devine un c\u0103min. Fie c\u0103 vorbesc cu o bunic\u0103 ce vrea o buc\u0103t\u0103rie mai frumoas\u0103 \u0219i un blat care se \u0219terge mai u\u0219or, ori cu un proprietar care \u00ee\u0219i dore\u0219te un foi\u0219or modern \u0219i amenajarea complet\u0103 a interioarelor, scopul meu este acela\u0219i: s\u0103 le ofer clien\u021bilor ceea ce vor, la cel mai bun raport calitate &#8211; pre\u021b.<\/span><\/p><p><span style=\"font-weight: 400;\">Sunt aici s\u0103 ascult, s\u0103 consiliez \u0219i s\u0103 construiesc \u00eempreun\u0103 cu tine, f\u0103r\u0103 presiuni sau costuri ascunse. BMM Decor \u00eenseamn\u0103 mai mult dec\u00e2t mobilier personalizat \u2013 \u00eenseamn\u0103 \u00eencredere, pasiune \u0219i dorin\u021ba de a transforma fiecare spa\u021biu \u00eentr-<\/span><b>un loc care \u021bine cont de CINE E\u0218TI TU<\/b><span style=\"font-weight: 400;\"> \u0219i \u00ee\u021bi aduce bucurie<\/span><\/p>\t\t\t\t\t\t<\/div>\n\t\t\t\t<\/div>\n\t\t\t\t<\/div>\n\t\t<div class=\"elementor-element elementor-element-6c0b9ca e-con-full e-flex e-con e-child\" data-id=\"6c0b9ca\" data-element_type=\"container\" data-settings=\"{&quot;content_width&quot;:&quot;full&quot;}\">\n\t\t\t\t<div class=\"elementor-element elementor-element-5ef2cda elementor-widget elementor-widget-image\" data-id=\"5ef2cda\" data-element_type=\"widget\" data-widget_type=\"image.default\">\n\t\t\t\t<div class=\"elementor-widget-container\">\n\t\t\t\t\t\t\t\t\t\t\t\t\t<img decoding=\"async\" width=\"750\" height=\"563\" src=\"https:\/\/bmmdecor.ro\/wp-content\/uploads\/2024\/09\/WhatsApp-Image-2024-09-18-at-11.09.40-5-1024x768.jpeg\" class=\"attachment-large size-large wp-image-114\" alt=\"\" srcset=\"https:\/\/bmmdecor.ro\/wp-content\/uploads\/2024\/09\/WhatsApp-Image-2024-09-18-at-11.09.40-5-1024x768.jpeg 1024w, https:\/\/bmmdecor.ro\/wp-content\/uploads\/2024\/09\/WhatsApp-Image-2024-09-18-at-11.09.40-5-300x225.jpeg 300w, https:\/\/bmmdecor.ro\/wp-content\/uploads\/2024\/09\/WhatsApp-Image-2024-09-18-at-11.09.40-5-768x576.jpeg 768w, https:\/\/bmmdecor.ro\/wp-content\/uploads\/2024\/09\/WhatsApp-Image-2024-09-18-at-11.09.40-5-1536x1152.jpeg 1536w, https:\/\/bmmdecor.ro\/wp-content\/uploads\/2024\/09\/WhatsApp-Image-2024-09-18-at-11.09.40-5.jpeg 1600w\" sizes=\"(max-width: 750px) 100vw, 750px\" \/>\t\t\t\t\t\t\t\t\t\t\t\t\t<\/div>\n\t\t\t\t<\/div>\n\t\t\t\t<\/div>\n\t\t\t\t\t<\/div>\n\t\t\t\t<\/div>\n\t\t<div class=\"elementor-element elementor-element-621c930 e-flex e-con-boxed e-con e-parent\" data-id=\"621c930\" data-element_type=\"container\" data-settings=\"{&quot;content_width&quot;:&quot;boxed&quot;}\" data-core-v316-plus=\"true\">\n\t\t\t\t\t<div class=\"e-con-inner\">\n\t\t\t\t<div class=\"elementor-element elementor-element-2fd0a8b elementor--h-position-center elementor--v-position-middle elementor-widget elementor-widget-slides\" data-id=\"2fd0a8b\" data-element_type=\"widget\" data-settings=\"{&quot;navigation&quot;:&quot;none&quot;,&quot;autoplay&quot;:&quot;yes&quot;,&quot;pause_on_hover&quot;:&quot;yes&quot;,&quot;pause_on_interaction&quot;:&quot;yes&quot;,&quot;autoplay_speed&quot;:5000,&quot;infinite&quot;:&quot;yes&quot;,&quot;transition&quot;:&quot;slide&quot;,&quot;transition_speed&quot;:500}\" data-widget_type=\"slides.default\">\n\t\t\t\t<div class=\"elementor-widget-container\">\n\t\t\t\t\t<div class=\"elementor-swiper\">\n\t\t\t<div class=\"elementor-slides-wrapper elementor-main-swiper swiper\" dir=\"ltr\" data-animation=\"fadeInRight\">\n\t\t\t\t<div class=\"swiper-wrapper elementor-slides\">\n\t\t\t\t\t\t\t\t\t\t<div class=\"elementor-repeater-item-e04ed3b swiper-slide\"><div class=\"swiper-slide-bg\" role=\"img\"><\/div><div class=\"elementor-background-overlay\"><\/div><div class=\"swiper-slide-inner\" ><div class=\"swiper-slide-contents\"><div class=\"elementor-slide-heading\">Afl\u0103 cum experien\u021ba mea poate \u00ee\u021bi transforma casa \u00eentr-un loc mai cald \u0219i primitor! <\/div><a href=\"https:\/\/bmmdecor.ro\/?page_id=71\" class=\"elementor-button elementor-slide-button elementor-size-md\">SOLICIT\u0102 OFERTA<\/a><\/div><\/div><\/div>\t\t\t\t<\/div>\n\t\t\t\t\t\t\t<\/div>\n\t\t<\/div>\n\t\t\t\t<\/div>\n\t\t\t\t<\/div>\n\t\t\t\t\t<\/div>\n\t\t\t\t<\/div>\n\t\t<div class=\"elementor-element elementor-element-eabe568 e-flex e-con-boxed e-con e-parent\" data-id=\"eabe568\" data-element_type=\"container\" data-settings=\"{&quot;content_width&quot;:&quot;boxed&quot;}\" data-core-v316-plus=\"true\">\n\t\t\t\t\t<div class=\"e-con-inner\">\n\t\t\t\t<div class=\"elementor-element elementor-element-6d2f525 elementor-widget elementor-widget-text-editor\" data-id=\"6d2f525\" data-element_type=\"widget\" data-widget_type=\"text-editor.default\">\n\t\t\t\t<div class=\"elementor-widget-container\">\n\t\t\t\t\t\t\t<p><span style=\"font-weight: 400; color: #000000;\">C\u00e2nd alegi BMM Decor, pe l\u00e2ng\u0103 calitate, prime\u0219ti \u0219i un proces f\u0103r\u0103 b\u0103t\u0103i de cap. De-a lungul anilor, am \u00eenv\u0103\u021bat c\u0103 transparen\u021ba \u0219i comunicarea clar\u0103 sunt la fel de importante ca m\u0103iestria cu care lucr\u0103m. De aceea, am f\u0103cut pentru tine totul mai simplu, mai prietenos \u0219i f\u0103r\u0103 surprize nepl\u0103cute.<\/span><\/p><p><span style=\"font-weight: 400; color: #000000;\">Iat\u0103 la ce s\u0103 te a\u0219tep\u021bi:<\/span><\/p><ol><li style=\"font-weight: 400;\" aria-level=\"1\"><span style=\"color: #000000;\"><b>M\u0103sur\u0103torile la fa\u021ba locului<\/b><b><br \/><\/b><span style=\"font-weight: 400;\">Totul \u00eencepe cu o vizit\u0103 la tine acas\u0103. M\u0103 asigur c\u0103 m\u0103surile sunt luate corect \u0219i c\u0103 \u00een\u021beleg exact spa\u021biul \u0219i nevoile tale. Niciun col\u021b nu r\u0103m\u00e2ne neatins, nicio dimensiune nu e l\u0103sat\u0103 la voia \u00eent\u00e2mpl\u0103rii. E esen\u021bial s\u0103 punem bazele unui proiect care s\u0103 se potriveasc\u0103 perfect locuin\u021bei tale.<\/span><\/span><\/li><li style=\"font-weight: 400;\" aria-level=\"1\"><span style=\"color: #000000;\"><b>Proiectul personalizat<\/b><b><br \/><\/b><span style=\"font-weight: 400;\">Dup\u0103 m\u0103sur\u0103tori, urmeaz\u0103 partea mea preferat\u0103 \u2013 s\u0103 g\u0103sim \u00eempreun\u0103 solu\u021bia ideal\u0103. \u00ce\u021bi prezint un design care combin\u0103 func\u021bionalitatea cu estetica, iar tu ai mereu ultimul cuv\u00e2nt. Totul este g\u00e2ndit pentru tine, de la materialele folosite, p\u00e2n\u0103 la culori \u0219i stil. Fiecare proiect este personalizat \u0219i atent adaptat nevoilor tale.<\/span><\/span><\/li><li style=\"font-weight: 400;\" aria-level=\"1\"><span style=\"color: #000000;\"><b>Facturarea corect\u0103<\/b><b><br \/><\/b><span style=\"font-weight: 400;\">\u00ce\u021bi ofer o ofert\u0103 detaliat\u0103, care nu las\u0103 loc de costuri ascunse sau surprize nepl\u0103cute pe parcurs. Pre\u021burile sunt transparente, discut\u0103m deschis de la \u00eenceput despre ce presupune fiecare etap\u0103 a proiectului \u0219i ce costuri implic\u0103. A\u0219a ai certitudinea c\u0103 pl\u0103te\u0219ti doar ce vrei s\u0103 prime\u0219ti.<\/span><\/span><\/li><li style=\"font-weight: 400;\" aria-level=\"1\"><span style=\"color: #000000;\"><b>Montajul precis \u0219i rapid<\/b><b><br \/><\/b><span style=\"font-weight: 400;\">C\u00e2nd vine ziua montajului, m\u0103 asigur c\u0103 totul decurge f\u0103r\u0103 probleme. Lucr\u0103m rapid, cu aten\u021bie la detalii, iar c\u00e2nd lucrarea e gata, m\u0103 asigur c\u0103 las lucrurile cum trebuie \u00een urma noastr\u0103. Fiecare buc\u0103\u021bic\u0103 de mobilier sau structur\u0103 este montat\u0103 cu grij\u0103, s\u0103 fie \u0219i frumoas\u0103, \u0219i durabil\u0103.<\/span><\/span><\/li><li style=\"font-weight: 400;\" aria-level=\"1\"><span style=\"color: #000000;\"><b>Garan\u021bie \u0219i post-montaj<\/b><b><br \/><\/b><span style=\"font-weight: 400;\">Ca s\u0103 fii lini\u0219tit pe termen lung, oferim garan\u021bie pentru fiecare lucrare. Dac\u0103, din orice motiv, apare vreo problem\u0103, \u0219tii c\u0103 m\u0103 po\u021bi suna oric\u00e2nd. Sunt aici s\u0103 te ajut, pentru c\u0103 rela\u021bia noastr\u0103 de colaborare nu se termin\u0103 \u00een ziua montajului.<\/span><\/span><\/li><\/ol><p><span style=\"color: #000000;\"><span style=\"font-weight: 400;\">La BMM Decor, ne m\u00e2ndrim cu faptul c\u0103 fiecare proiect, fie el mic sau mare, este tratat cu aceea\u0219i grij\u0103 \u0219i respect. <\/span><b>Dac\u0103 ai nevoie de ajutor pentru o buc\u0103t\u0103rie nou\u0103, un dressing inteligent sau orice alt\u0103 idee pe care o ai \u00een minte, d\u0103-mi un semn \u0219i vin cu pl\u0103cere s\u0103 te ajut s\u0103 o transformi \u00een realitate.<\/b><\/span><\/p>\t\t\t\t\t\t<\/div>\n\t\t\t\t<\/div>\n\t\t\t\t\t<\/div>\n\t\t\t\t<\/div>\n\t\t<div class=\"elementor-element elementor-element-60621c1 e-flex e-con-boxed e-con e-parent\" data-id=\"60621c1\" data-element_type=\"container\" data-settings=\"{&quot;content_width&quot;:&quot;boxed&quot;}\" data-core-v316-plus=\"true\">\n\t\t\t\t\t<div class=\"e-con-inner\">\n\t\t\t\t<div class=\"elementor-element elementor-element-27c1711 elementor-align-center elementor-widget elementor-widget-button\" data-id=\"27c1711\" data-element_type=\"widget\" data-widget_type=\"button.default\">\n\t\t\t\t<div class=\"elementor-widget-container\">\n\t\t\t\t\t<div class=\"elementor-button-wrapper\">\n\t\t\t<a class=\"elementor-button elementor-button-link elementor-size-md\" href=\"https:\/\/bmmdecor.ro\/?page_id=71\">\n\t\t\t\t\t\t<span class=\"elementor-button-content-wrapper\">\n\t\t\t\t\t\t<span class=\"elementor-button-text\">SOLICIT\u0102 OFERTA<\/span>\n\t\t<\/span>\n\t\t\t\t\t<\/a>\n\t\t<\/div>\n\t\t\t\t<\/div>\n\t\t\t\t<\/div>\n\t\t\t\t\t<\/div>\n\t\t\t\t<\/div>\n\t\t\t\t<\/div>\n\t\t","protected":false},"excerpt":{"rendered":"<p>Povestea BMM Decor: Despre experien\u021b\u0103 \u0219i dedica\u021bie \u00een atelierul nostru de produc\u021bie mobil\u0103 la comand\u0103. Eu sunt Dumitru, \u0219i am fondat BMM Decor cu un singur g\u00e2nd: s\u0103 ajut oamenii s\u0103-\u0219i transforme casele \u00een adev\u0103rate c\u0103mine, prin solu\u021bii din lemn care aduc aproape de oameni echilibrul \u00eentre estetic\u0103, func\u021bionalitate \u0219i [&hellip;]<\/p>\n","protected":false},"author":2,"featured_media":0,"parent":0,"menu_order":0,"comment_status":"closed","ping_status":"closed","template":"page-templates\/template-pagebuilder-full-width.php","meta":{"footnotes":""},"class_list":["post-66","page","type-page","status-publish","hentry"],"_links":{"self":[{"href":"https:\/\/bmmdecor.ro\/index.php?rest_route=\/wp\/v2\/pages\/66","targetHints":{"allow":["GET"]}}],"collection":[{"href":"https:\/\/bmmdecor.ro\/index.php?rest_route=\/wp\/v2\/pages"}],"about":[{"href":"https:\/\/bmmdecor.ro\/index.php?rest_route=\/wp\/v2\/types\/page"}],"author":[{"embeddable":true,"href":"https:\/\/bmmdecor.ro\/index.php?rest_route=\/wp\/v2\/users\/2"}],"replies":[{"embeddable":true,"href":"https:\/\/bmmdecor.ro\/index.php?rest_route=%2Fwp%2Fv2%2Fcomments&post=66"}],"version-history":[{"count":46,"href":"https:\/\/bmmdecor.ro\/index.php?rest_route=\/wp\/v2\/pages\/66\/revisions"}],"predecessor-version":[{"id":439,"href":"https:\/\/bmmdecor.ro\/index.php?rest_route=\/wp\/v2\/pages\/66\/revisions\/439"}],"wp:attachment":[{"href":"https:\/\/bmmdecor.ro\/index.php?rest_route=%2Fwp%2Fv2%2Fmedia&parent=66"}],"curies":[{"name":"wp","href":"https:\/\/api.w.org\/{rel}","templated":true}]}}